{"id":68,"date":"2024-02-03T01:51:48","date_gmt":"2024-02-03T01:51:48","guid":{"rendered":"https:\/\/vietchristianforum.com\/?page_id=68"},"modified":"2025-02-16T05:17:44","modified_gmt":"2025-02-16T05:17:44","slug":"dien-dan-con-dan-chua","status":"publish","type":"page","link":"https:\/\/vietchristianforum.com\/","title":{"rendered":"Di\u1ec5n \u0110\u00e0n Con D\u00e2n Ch\u00faa"},"content":{"rendered":"\n<p>\u201cV\u1eady, anh em ho\u1eb7c \u0103n, ho\u1eb7c u\u1ed1ng, hay l\u00e0 l\u00e0m s\u1ef1 chi kh\u00e1c, h\u00e3y v\u00ec s\u1ef1 vinh hi\u1ec3n \u0110\u1ee9c Ch\u00faa Tr\u1eddi m\u00e0 l\u00e0m\u201d (I C\u00f4-rinh-t\u00f4 10:31).<\/p>\n\n\n\n<p><strong>Viet Christian Forum<\/strong><\/p>\n\n\n\n<p><strong>Bu\u1ed5i T\u1ed5 Ch\u1ee9c Ng\u00e0y 23 Th\u00e1ng 6 N\u0103m 2024&nbsp;<\/strong><\/p>\n\n\n\n<p><strong>B\u1ea3n Chi Thu<\/strong><\/p>\n\n\n\n<p>S\u1ed1 ti\u1ec1n thu $9,691.00<\/p>\n\n\n\n<p>S\u1ed1 ti\u1ec1n chi $13,849.00<\/p>\n\n\n\n<p>Thi\u1ebfu h\u1ee5t =$4,158.00 (Gi\u00e1o S\u01b0 V\u0169 B\u1ea1ch C\u00fac d\u00e2ng hi\u1ebfn cho ph\u1ea7n thi\u1ebfu h\u1ee5t n\u00e0y).<\/p>\n\n\n\n<p>Ban T\u1ed5 Ch\u1ee9c ch\u00e2n th\u00e0nh c\u1ea3m \u01a1n nh\u1eefng s\u1ef1 d\u00e2ng hi\u1ebfn c\u1ee7a qu\u00fd con d\u00e2n Ch\u00faa v\u00e0 s\u1ef1 \u0111\u00f3ng g\u00f3p c\u1ee7a nh\u1eefng nh\u00e0 h\u1ea3o t\u00e2m cho bu\u1ed5i t\u1ed5 ch\u1ee9c n\u00e0y.<\/p>\n\n\n\n<p>C\u1ea7u xin Ch\u00faa ban ph\u01b0\u1edbc l\u00e0nh cho qu\u00fd v\u1ecb.<\/p>\n\n\n\n<p><strong>Danh S\u00e1ch Qu\u00fd Con D\u00e2n Ch\u00faa v\u00e0 Nh\u1eefng Nh\u00e0 H\u1ea3o T\u00e2m D\u00e2ng Hi\u1ebfn<\/strong><\/p>\n\n\n\n<p>Steven Hai Nguyen &amp; Nguyet Cam Vu Lam = $1,500.00&nbsp;<\/p>\n\n\n\n<p>Suzanne Kwong &amp; Warren Lee Hardy Jr = $500.00&nbsp;<\/p>\n\n\n\n<p>Chung T Nguyen &amp; Thuan D Vu = $500.00&nbsp;<\/p>\n\n\n\n<p>Billy Vu Lam &amp; Michiko Okawara = $500.00&nbsp;<\/p>\n\n\n\n<p>B\u00e0 Huynh Quoc Binh = $730.00&nbsp;<\/p>\n\n\n\n<p>\u00d4ng B\u00e0 Kenny Kin Phung = $1,000.00&nbsp;<\/p>\n\n\n\n<p>Mai Loan (Gia B\u1ea3o) = $200.00&nbsp;<\/p>\n\n\n\n<p>\u00d4ng B\u00e0 Thomas Tran (T\u00e2m &#8211; \u0110\u1ee9c)= $500.00&nbsp;<\/p>\n\n\n\n<p>Daniel Duc Vu = $500.00&nbsp;<\/p>\n\n\n\n<p>Loc N Le = $100.00&nbsp;<\/p>\n\n\n\n<p>Viet Nam Victory Church &#8211; MS Minh Quang = $100.00&nbsp;<\/p>\n\n\n\n<p>Thu Minh Le = $100.00&nbsp;<\/p>\n\n\n\n<p>Dong &amp; Farah Nguyen = $50.00&nbsp;<\/p>\n\n\n\n<p>B\u00e0 Huynh Thi Kim Lang = $400.00&nbsp;<\/p>\n\n\n\n<p>La My Tanh = $100.00&nbsp;<\/p>\n\n\n\n<p>\u00d4ng B\u00e0 Le Thanh Long &#8211; Nguyen Thanh Thuy = $100.00&nbsp;<\/p>\n\n\n\n<p>Nguyen Nhu Minh = $100.00&nbsp;<\/p>\n\n\n\n<p>MS Nguyen Xuan Binh = $100.00&nbsp;<\/p>\n\n\n\n<p>Lieu Tran = $20.00&nbsp;<\/p>\n\n\n\n<p>MS Nguyen Xuan Mai = $10.00&nbsp;<\/p>\n\n\n\n<p>Anonymous &#8211; \u1ea9n danh (h\u1ed9p ti\u1ec1n \u1ee7ng h\u1ed9) = $181.00&nbsp;<\/p>\n\n\n\n<p>An Ngan = $200.00&nbsp;<\/p>\n\n\n\n<p>C\u00f4 Thanh Thuy = $100.00&nbsp;<\/p>\n\n\n\n<p>C\u00f4 Thu Ha = $100.00&nbsp;<\/p>\n\n\n\n<p>C\u00f4 Louise (VN)= $100.00&nbsp;<\/p>\n\n\n\n<p>Ti\u1ebfn S\u0129 Van Nguyen Ai Lien = $1,000.00&nbsp;<\/p>\n\n\n\n<p>B\u00e1c S\u0129 Chau Ngoc Hiep = $500.00&nbsp;<\/p>\n\n\n\n<p>The QD Venue = $400.00&nbsp;<\/p>\n\n\n\n<p>Gi\u00e1o S\u01b0 Becky B. Vu = $4,158.00\u00a0<\/p>\n\n\n\n<p><strong>T\u1ed5ng C\u1ed9ng = $13,849.00<\/strong>\u00a0<\/p>\n\n\n\n<p>EXPENSES:&nbsp;<\/p>\n\n\n\n<p>QD Venue Rental = $6,500.00&nbsp;<\/p>\n\n\n\n<p>Mail Box Rental = $128.00&nbsp;<\/p>\n\n\n\n<p>AV Screen &#8211; QD Venue = $700.00&nbsp;<\/p>\n\n\n\n<p>Stage &#8211; QD Venue = $400.00&nbsp;<\/p>\n\n\n\n<p>Posters Printing = $165.50&nbsp;<\/p>\n\n\n\n<p>Posters Design = $200.00&nbsp;<\/p>\n\n\n\n<p>Foods for Sunday 1 = $945.00&nbsp;<\/p>\n\n\n\n<p>Foods Saturday = $530.00&nbsp;<\/p>\n\n\n\n<p>Foods for Sunday 2 = $150.00&nbsp;<\/p>\n\n\n\n<p>Phone Expenses = $50.00&nbsp;<\/p>\n\n\n\n<p>Rackcards = $180.00&nbsp;<\/p>\n\n\n\n<p>Radio on Saturday = $500.00&nbsp;<\/p>\n\n\n\n<p>Johnny &#8211; Camera man = $100.00&nbsp;<\/p>\n\n\n\n<p>Video- Live Stream = $300.00&nbsp;<\/p>\n\n\n\n<p>Thang Duong &#8211; The Salt Choir = $500.00&nbsp;<\/p>\n\n\n\n<p>MS Phan Thanh Binh = $200.00&nbsp;<\/p>\n\n\n\n<p>MS Pham Dac Tuan = $200.00&nbsp;<\/p>\n\n\n\n<p>Ca Si Bich Van- Cash = $500.00&nbsp;<\/p>\n\n\n\n<p>Ca Si Le Hong Quang = $200.00&nbsp;<\/p>\n\n\n\n<p>Linh Tinh = $200.00&nbsp;<\/p>\n\n\n\n<p>MC Thuy Anh = $500.00&nbsp;<\/p>\n\n\n\n<p>Radio on 28-6-2024 = $500.00&nbsp;<\/p>\n\n\n\n<p>Nhac Si Mai Chi Dung = $200.00\u00a0<\/p>\n\n\n\n<p><strong>T\u1ed5ng C\u1ed9ng = $13,849<\/strong><\/p>\n\n\n\n<hr class=\"wp-block-separator has-alpha-channel-opacity\"\/>\n\n\n\n<p>Ghi Danh Tham D\u1ef1 Ph\u1ea7n Gi\u1ea3ng Lu\u1eadn t\u1eeb 1:00pm \u0111\u1ebfn 4:00pm: <a href=\"https:\/\/vietchristianforum.com\/index.php\/contact-us\/\" title=\"Contact Us\">Contact Us<\/a><\/p>\n\n\n\n<figure class=\"wp-block-embed is-type-video is-provider-youtube wp-block-embed-youtube wp-embed-aspect-16-9 wp-has-aspect-ratio\"><div class=\"wp-block-embed__wrapper\">\n<iframe loading=\"lazy\" title=\"Cu\u1ed9c ph\u1ecfng v\u1ea5n d\u00e0nh cho Di\u1ec5n \u0110\u00e0n Con D\u00e2n Ch\u00faa\" width=\"640\" height=\"360\" src=\"https:\/\/www.youtube.com\/embed\/tS0mdL7JNZs?feature=oembed\" frameborder=\"0\" allow=\"accelerometer; autoplay; clipboard-write; encrypted-media; gyroscope; picture-in-picture; web-share\" referrerpolicy=\"strict-origin-when-cross-origin\" allowfullscreen><\/iframe>\n<\/div><\/figure>\n\n\n\n<div style=\"height:30px\" aria-hidden=\"true\" class=\"wp-block-spacer\"><\/div>\n\n\n\n<figure class=\"wp-block-embed is-type-video is-provider-youtube wp-block-embed-youtube wp-embed-aspect-16-9 wp-has-aspect-ratio\"><div class=\"wp-block-embed__wrapper\">\n<iframe loading=\"lazy\" title=\"M\u00c1I \u1ea4M GIA \u0110\u00ccNH V\u00c0 NH\u1eeeNG \u0110I\u1ec0U KH\u00d3 N\u00d3I ( v\u1edbi m\u1ee5c s\u01b0 HU\u1ef2NH QU\u1ed0C B\u00ccNH &amp; M\u1ed9ng Th\u1ee7y)\" width=\"640\" height=\"360\" src=\"https:\/\/www.youtube.com\/embed\/zAiTlm4z0bs?feature=oembed\" frameborder=\"0\" allow=\"accelerometer; autoplay; clipboard-write; encrypted-media; gyroscope; picture-in-picture; web-share\" referrerpolicy=\"strict-origin-when-cross-origin\" allowfullscreen><\/iframe>\n<\/div><\/figure>\n\n\n\n<div style=\"height:30px\" aria-hidden=\"true\" class=\"wp-block-spacer\"><\/div>\n\n\n\n<figure class=\"wp-block-embed is-type-video is-provider-youtube wp-block-embed-youtube wp-embed-aspect-16-9 wp-has-aspect-ratio\"><div class=\"wp-block-embed__wrapper\">\n<iframe loading=\"lazy\" title=\"&quot;S\u1ed0NG V\u1edaI \u0110\u1ee8C TIN&quot; - 6 DI\u1ec4N GI\u1ea2 &amp; 6 B\u00c0I GI\u1ea2NG NG\u1eaeN  (v\u1edbi m\u1ee5c s\u01b0 HU\u1ef2NH QU\u1ed0C B\u00ccNH &amp; TH\u1ee4YVY\" width=\"640\" height=\"360\" src=\"https:\/\/www.youtube.com\/embed\/pZYQq8LifS4?feature=oembed\" frameborder=\"0\" allow=\"accelerometer; autoplay; clipboard-write; encrypted-media; gyroscope; picture-in-picture; web-share\" referrerpolicy=\"strict-origin-when-cross-origin\" allowfullscreen><\/iframe>\n<\/div><\/figure>\n\n\n\n<div style=\"height:30px\" aria-hidden=\"true\" class=\"wp-block-spacer\"><\/div>\n\n\n\n<figure class=\"wp-block-embed is-type-video is-provider-youtube wp-block-embed-youtube wp-embed-aspect-16-9 wp-has-aspect-ratio\"><div class=\"wp-block-embed__wrapper\">\n<iframe loading=\"lazy\" title=\"GI\u1edaI THI\u1ec6U V\u1ec0 D\u00d2NG NH\u1ea0C V\u0168 \u0110\u1ee8C NGHI\u00caM &amp; M\u00c1I \u1ea4M GIA \u0110\u00ccNH  ( v\u1edbi m\u1ee5c s\u01b0 HU\u1ef2NH QU\u1ed0C B\u00ccNH &amp; Th\u1ee5yVy )\" width=\"640\" height=\"360\" src=\"https:\/\/www.youtube.com\/embed\/O5ET6vK7vhI?feature=oembed\" frameborder=\"0\" allow=\"accelerometer; autoplay; clipboard-write; encrypted-media; gyroscope; picture-in-picture; web-share\" referrerpolicy=\"strict-origin-when-cross-origin\" allowfullscreen><\/iframe>\n<\/div><\/figure>\n\n\n\n<div style=\"height:30px\" aria-hidden=\"true\" class=\"wp-block-spacer\"><\/div>\n\n\n\n<figure class=\"wp-block-image size-large\"><img loading=\"lazy\" decoding=\"async\" width=\"683\" height=\"1024\" src=\"https:\/\/vietchristianforum.com\/wp-content\/uploads\/2024\/05\/240503-Poster-01-Giang-Luan-for-website-683x1024.jpg\" alt=\"\" class=\"wp-image-266\" srcset=\"https:\/\/vietchristianforum.com\/wp-content\/uploads\/2024\/05\/240503-Poster-01-Giang-Luan-for-website-683x1024.jpg 683w, https:\/\/vietchristianforum.com\/wp-content\/uploads\/2024\/05\/240503-Poster-01-Giang-Luan-for-website-200x300.jpg 200w, https:\/\/vietchristianforum.com\/wp-content\/uploads\/2024\/05\/240503-Poster-01-Giang-Luan-for-website-768x1152.jpg 768w, https:\/\/vietchristianforum.com\/wp-content\/uploads\/2024\/05\/240503-Poster-01-Giang-Luan-for-website-1024x1536.jpg 1024w, https:\/\/vietchristianforum.com\/wp-content\/uploads\/2024\/05\/240503-Poster-01-Giang-Luan-for-website-1365x2048.jpg 1365w, https:\/\/vietchristianforum.com\/wp-content\/uploads\/2024\/05\/240503-Poster-01-Giang-Luan-for-website-scaled.jpg 1707w\" sizes=\"(max-width: 683px) 100vw, 683px\" \/><\/figure>\n\n\n\n<div style=\"height:40px\" aria-hidden=\"true\" class=\"wp-block-spacer\"><\/div>\n\n\n\n<figure class=\"wp-block-image size-large\"><img loading=\"lazy\" decoding=\"async\" width=\"683\" height=\"1024\" src=\"https:\/\/vietchristianforum.com\/wp-content\/uploads\/2024\/06\/Poster-2-Ca-Si_-for-web-683x1024.jpg\" alt=\"\" class=\"wp-image-286\" srcset=\"https:\/\/vietchristianforum.com\/wp-content\/uploads\/2024\/06\/Poster-2-Ca-Si_-for-web-683x1024.jpg 683w, https:\/\/vietchristianforum.com\/wp-content\/uploads\/2024\/06\/Poster-2-Ca-Si_-for-web-200x300.jpg 200w, https:\/\/vietchristianforum.com\/wp-content\/uploads\/2024\/06\/Poster-2-Ca-Si_-for-web-768x1152.jpg 768w, https:\/\/vietchristianforum.com\/wp-content\/uploads\/2024\/06\/Poster-2-Ca-Si_-for-web-1024x1536.jpg 1024w, https:\/\/vietchristianforum.com\/wp-content\/uploads\/2024\/06\/Poster-2-Ca-Si_-for-web-1365x2048.jpg 1365w, https:\/\/vietchristianforum.com\/wp-content\/uploads\/2024\/06\/Poster-2-Ca-Si_-for-web-scaled.jpg 1707w\" sizes=\"(max-width: 683px) 100vw, 683px\" \/><\/figure>\n","protected":false},"excerpt":{"rendered":"<p>\u201cV\u1eady, anh em ho\u1eb7c \u0103n, ho\u1eb7c u\u1ed1ng, hay l\u00e0 l\u00e0m s\u1ef1 chi kh\u00e1c, h\u00e3y v\u00ec s\u1ef1 vinh hi\u1ec3n \u0110\u1ee9c Ch\u00faa Tr\u1eddi m\u00e0 l\u00e0m\u201d (I C\u00f4-rinh-t\u00f4 10:31). Viet Christian Forum Bu\u1ed5i T\u1ed5 Ch\u1ee9c Ng\u00e0y 23 Th\u00e1ng 6 N\u0103m 2024&nbsp; B\u1ea3n Chi Thu S\u1ed1 ti\u1ec1n thu $9,691.00 S\u1ed1 ti\u1ec1n chi $13,849.00 Thi\u1ebfu h\u1ee5t =$4,158.00 (Gi\u00e1o S\u01b0 V\u0169 [&hellip;]<\/p>\n","protected":false},"author":1,"featured_media":0,"parent":0,"menu_order":0,"comment_status":"closed","ping_status":"closed","template":"","meta":{"footnotes":""},"aioseo_notices":[],"_links":{"self":[{"href":"https:\/\/vietchristianforum.com\/index.php\/wp-json\/wp\/v2\/pages\/68"}],"collection":[{"href":"https:\/\/vietchristianforum.com\/index.php\/wp-json\/wp\/v2\/pages"}],"about":[{"href":"https:\/\/vietchristianforum.com\/index.php\/wp-json\/wp\/v2\/types\/page"}],"author":[{"embeddable":true,"href":"https:\/\/vietchristianforum.com\/index.php\/wp-json\/wp\/v2\/users\/1"}],"replies":[{"embeddable":true,"href":"https:\/\/vietchristianforum.com\/index.php\/wp-json\/wp\/v2\/comments?post=68"}],"version-history":[{"count":9,"href":"https:\/\/vietchristianforum.com\/index.php\/wp-json\/wp\/v2\/pages\/68\/revisions"}],"predecessor-version":[{"id":309,"href":"https:\/\/vietchristianforum.com\/index.php\/wp-json\/wp\/v2\/pages\/68\/revisions\/309"}],"wp:attachment":[{"href":"https:\/\/vietchristianforum.com\/index.php\/wp-json\/wp\/v2\/media?parent=68"}],"curies":[{"name":"wp","href":"https:\/\/api.w.org\/{rel}","templated":true}]}}